{"id":1332,"date":"2023-10-09T13:46:17","date_gmt":"2023-10-09T11:46:17","guid":{"rendered":"http:\/\/wetown-test.codigitalab.com\/contacte\/"},"modified":"2025-10-30T12:26:11","modified_gmt":"2025-10-30T11:26:11","slug":"contacte","status":"publish","type":"page","link":"https:\/\/wetown.app\/es\/contacte","title":{"rendered":"Contacto"},"content":{"rendered":"\t\t<div data-elementor-type=\"wp-page\" data-elementor-id=\"1332\" class=\"elementor elementor-1332 elementor-777\" data-elementor-post-type=\"page\">\n\t\t\t\t\t\t<section class=\"elementor-section elementor-top-section elementor-element elementor-element-727149e4 elementor-section-full_width elementor-section-stretched elementor-section-height-default elementor-section-height-default\" data-id=\"727149e4\" data-element_type=\"section\" data-e-type=\"section\" data-settings=\"{&quot;stretch_section&quot;:&quot;section-stretched&quot;,&quot;background_background&quot;:&quot;slideshow&quot;,&quot;background_slideshow_gallery&quot;:[{&quot;id&quot;:1256,&quot;url&quot;:&quot;http:\\\/\\\/wetown.app\\\/wp-content\\\/uploads\\\/2023\\\/09\\\/Disseny-sense-titol-1.png&quot;}],&quot;background_slideshow_loop&quot;:&quot;yes&quot;,&quot;background_slideshow_slide_duration&quot;:5000,&quot;background_slideshow_slide_transition&quot;:&quot;fade&quot;,&quot;background_slideshow_transition_duration&quot;:500}\">\n\t\t\t\t\t\t<div class=\"elementor-container elementor-column-gap-no\">\n\t\t\t\t\t<div class=\"elementor-column elementor-col-100 elementor-top-column elementor-element elementor-element-2df94047\" data-id=\"2df94047\" data-element_type=\"column\" data-e-type=\"column\" data-settings=\"{&quot;background_background&quot;:&quot;slideshow&quot;,&quot;background_slideshow_gallery&quot;:[],&quot;background_slideshow_loop&quot;:&quot;yes&quot;,&quot;background_slideshow_slide_duration&quot;:5000,&quot;background_slideshow_slide_transition&quot;:&quot;fade&quot;,&quot;background_slideshow_transition_duration&quot;:500}\">\n\t\t\t<div class=\"elementor-widget-wrap elementor-element-populated\">\n\t\t\t\t\t\t<div class=\"elementor-element elementor-element-3de0a03 elementor-widget elementor-widget-spacer\" data-id=\"3de0a03\" data-element_type=\"widget\" data-e-type=\"widget\" data-widget_type=\"spacer.default\">\n\t\t\t\t<div class=\"elementor-widget-container\">\n\t\t\t\t\t\t\t<div class=\"elementor-spacer\">\n\t\t\t<div class=\"elementor-spacer-inner\"><\/div>\n\t\t<\/div>\n\t\t\t\t\t\t<\/div>\n\t\t\t\t<\/div>\n\t\t\t\t<div class=\"elementor-element elementor-element-46a13a6a elementor-widget elementor-widget-heading\" data-id=\"46a13a6a\" data-element_type=\"widget\" data-e-type=\"widget\" data-widget_type=\"heading.default\">\n\t\t\t\t<div class=\"elementor-widget-container\">\n\t\t\t\t\t<h1 class=\"elementor-heading-title elementor-size-default\">Cont\u00e1ctanos<\/h1>\t\t\t\t<\/div>\n\t\t\t\t<\/div>\n\t\t\t\t<div class=\"elementor-element elementor-element-704fc33b elementor-widget elementor-widget-text-editor\" data-id=\"704fc33b\" data-element_type=\"widget\" data-e-type=\"widget\" data-widget_type=\"text-editor.default\">\n\t\t\t\t<div class=\"elementor-widget-container\">\n\t\t\t\t\t\t\t\t\t<p>\u00bfTe gustar\u00eda que WeTown funcionara en tu municipio?<\/p>\n\t\t\t\t\t\t\t\t<\/div>\n\t\t\t\t<\/div>\n\t\t\t\t\t<\/div>\n\t\t<\/div>\n\t\t\t\t\t<\/div>\n\t\t<\/section>\n\t\t\t\t<section class=\"elementor-section elementor-top-section elementor-element elementor-element-1ed83789 elementor-section-boxed elementor-section-height-default elementor-section-height-default\" data-id=\"1ed83789\" data-element_type=\"section\" data-e-type=\"section\">\n\t\t\t\t\t\t<div class=\"elementor-container elementor-column-gap-default\">\n\t\t\t\t\t<div class=\"elementor-column elementor-col-50 elementor-top-column elementor-element elementor-element-5d9dfc57\" data-id=\"5d9dfc57\" data-element_type=\"column\" data-e-type=\"column\">\n\t\t\t<div class=\"elementor-widget-wrap elementor-element-populated\">\n\t\t\t\t\t\t<div class=\"elementor-element elementor-element-76b84f42 elementor-widget__width-initial elementor-widget elementor-widget-heading\" data-id=\"76b84f42\" data-element_type=\"widget\" data-e-type=\"widget\" data-widget_type=\"heading.default\">\n\t\t\t\t<div class=\"elementor-widget-container\">\n\t\t\t\t\t<h2 class=\"elementor-heading-title elementor-size-default\">Te ayudamos a transformar tu municipio<\/h2>\t\t\t\t<\/div>\n\t\t\t\t<\/div>\n\t\t\t\t<div class=\"elementor-element elementor-element-20e7fb06 elementor-widget__width-initial elementor-widget elementor-widget-text-editor\" data-id=\"20e7fb06\" data-element_type=\"widget\" data-e-type=\"widget\" data-widget_type=\"text-editor.default\">\n\t\t\t\t<div class=\"elementor-widget-container\">\n\t\t\t\t\t\t\t\t\t<p>Estamos comprometidos a responder tus consultas y proporcionarte toda la informaci\u00f3n que necesitas para lograr una gesti\u00f3n y comunicaci\u00f3n ciudadana m\u00e1s fluida en tu ayuntamiento.<\/p>\n<p>Sea cual sea tu pregunta o necesidad, no dudes en ponerte en contacto con nosotros.<\/p>\n<p>Utiliza el formulario que se encuentra a continuaci\u00f3n o llama al tel\u00e9fono de contacto \ud83d\udcde +34 727 74 15 08.<\/p>\n\t\t\t\t\t\t\t\t<\/div>\n\t\t\t\t<\/div>\n\t\t\t\t\t<\/div>\n\t\t<\/div>\n\t\t\t\t<div class=\"elementor-column elementor-col-50 elementor-top-column elementor-element elementor-element-38f2e052\" data-id=\"38f2e052\" data-element_type=\"column\" data-e-type=\"column\">\n\t\t\t<div class=\"elementor-widget-wrap elementor-element-populated\">\n\t\t\t\t\t\t<div class=\"elementor-element elementor-element-9fe67a1 elementor-button-align-start elementor-widget elementor-widget-form\" data-id=\"9fe67a1\" data-element_type=\"widget\" data-e-type=\"widget\" data-settings=\"{&quot;step_next_label&quot;:&quot;Next&quot;,&quot;step_previous_label&quot;:&quot;Previous&quot;,&quot;step_type&quot;:&quot;number_text&quot;,&quot;step_icon_shape&quot;:&quot;circle&quot;}\" data-widget_type=\"form.default\">\n\t\t\t\t<div class=\"elementor-widget-container\">\n\t\t\t\t\t\t\t<form class=\"elementor-form\" method=\"post\" name=\"WeTown Form\" aria-label=\"WeTown Form\">\n\t\t\t<input type=\"hidden\" name=\"post_id\" value=\"1332\"\/>\n\t\t\t<input type=\"hidden\" name=\"form_id\" value=\"9fe67a1\"\/>\n\t\t\t<input type=\"hidden\" name=\"referer_title\" value=\"Contacto | WeTown\" \/>\n\n\t\t\t\t\t\t\t<input type=\"hidden\" name=\"queried_id\" value=\"1332\"\/>\n\t\t\t\n\t\t\t<div class=\"elementor-form-fields-wrapper elementor-labels-\">\n\t\t\t\t\t\t\t\t<div class=\"elementor-field-type-text elementor-field-group elementor-column elementor-field-group-name elementor-col-50 elementor-field-required\">\n\t\t\t\t\t\t\t\t\t\t\t\t<label for=\"form-field-name\" class=\"elementor-field-label elementor-screen-only\">\n\t\t\t\t\t\t\t\tnombre-apellidos\t\t\t\t\t\t\t<\/label>\n\t\t\t\t\t\t\t\t\t\t\t\t\t\t<input size=\"1\" type=\"text\" name=\"form_fields[name]\" id=\"form-field-name\" class=\"elementor-field elementor-size-md  elementor-field-textual\" placeholder=\"Nombre y apellidos\" required=\"required\">\n\t\t\t\t\t\t\t\t\t\t\t<\/div>\n\t\t\t\t\t\t\t\t<div class=\"elementor-field-type-email elementor-field-group elementor-column elementor-field-group-email elementor-col-50 elementor-field-required\">\n\t\t\t\t\t\t\t\t\t\t\t\t<label for=\"form-field-email\" class=\"elementor-field-label elementor-screen-only\">\n\t\t\t\t\t\t\t\tmail\t\t\t\t\t\t\t<\/label>\n\t\t\t\t\t\t\t\t\t\t\t\t\t\t<input size=\"1\" type=\"email\" name=\"form_fields[email]\" id=\"form-field-email\" class=\"elementor-field elementor-size-md  elementor-field-textual\" placeholder=\"Correo electr\u00f3nico\" required=\"required\">\n\t\t\t\t\t\t\t\t\t\t\t<\/div>\n\t\t\t\t\t\t\t\t<div class=\"elementor-field-type-tel elementor-field-group elementor-column elementor-field-group-field_5bdefe6 elementor-col-50\">\n\t\t\t\t\t\t\t\t\t\t\t\t<label for=\"form-field-field_5bdefe6\" class=\"elementor-field-label elementor-screen-only\">\n\t\t\t\t\t\t\t\ttel\t\t\t\t\t\t\t<\/label>\n\t\t\t\t\t\t\t\t<input size=\"1\" type=\"tel\" name=\"form_fields[field_5bdefe6]\" id=\"form-field-field_5bdefe6\" class=\"elementor-field elementor-size-md  elementor-field-textual\" placeholder=\"Tel\u00e9fono\" pattern=\"[0-9()#&amp;+*-=.]+\" title=\"Solo se aceptan n\u00fameros y caracteres de tel\u00e9fono (#,-,*,etc).\">\n\n\t\t\t\t\t\t<\/div>\n\t\t\t\t\t\t\t\t<div class=\"elementor-field-type-number elementor-field-group elementor-column elementor-field-group-field_9351ba1 elementor-col-50\">\n\t\t\t\t\t\t\t\t\t\t\t\t<label for=\"form-field-field_9351ba1\" class=\"elementor-field-label elementor-screen-only\">\n\t\t\t\t\t\t\t\tnum-habitantes\t\t\t\t\t\t\t<\/label>\n\t\t\t\t\t\t\t\t\t<input type=\"number\" name=\"form_fields[field_9351ba1]\" id=\"form-field-field_9351ba1\" class=\"elementor-field elementor-size-md  elementor-field-textual\" placeholder=\"N\u00famero de habitantes\" min=\"\" max=\"\" >\n\t\t\t\t\t\t<\/div>\n\t\t\t\t\t\t\t\t<div class=\"elementor-field-type-text elementor-field-group elementor-column elementor-field-group-field_4bc13a4 elementor-col-100\">\n\t\t\t\t\t\t\t\t\t\t\t\t<label for=\"form-field-field_4bc13a4\" class=\"elementor-field-label elementor-screen-only\">\n\t\t\t\t\t\t\t\tmunicipio\t\t\t\t\t\t\t<\/label>\n\t\t\t\t\t\t\t\t\t\t\t\t\t\t<input size=\"1\" type=\"text\" name=\"form_fields[field_4bc13a4]\" id=\"form-field-field_4bc13a4\" class=\"elementor-field elementor-size-md  elementor-field-textual\" placeholder=\"Municipio\">\n\t\t\t\t\t\t\t\t\t\t\t<\/div>\n\t\t\t\t\t\t\t\t<div class=\"elementor-field-type-textarea elementor-field-group elementor-column elementor-field-group-message elementor-col-100\">\n\t\t\t\t\t\t\t\t\t\t\t\t<label for=\"form-field-message\" class=\"elementor-field-label elementor-screen-only\">\n\t\t\t\t\t\t\t\tmensaje\t\t\t\t\t\t\t<\/label>\n\t\t\t\t\t\t<textarea class=\"elementor-field-textual elementor-field  elementor-size-md\" name=\"form_fields[message]\" id=\"form-field-message\" rows=\"4\" placeholder=\"Mensaje\"><\/textarea>\t\t\t\t<\/div>\n\t\t\t\t\t\t\t\t<div class=\"elementor-field-type-acceptance elementor-field-group elementor-column elementor-field-group-field_c4b1860 elementor-col-100 elementor-field-required\">\n\t\t\t\t\t\t\t\t\t\t\t\t<label for=\"form-field-field_c4b1860\" class=\"elementor-field-label elementor-screen-only\">\n\t\t\t\t\t\t\t\tterms-privacy\t\t\t\t\t\t\t<\/label>\n\t\t\t\t\t\t\t\t<div class=\"elementor-field-subgroup\">\n\t\t\t<span class=\"elementor-field-option\">\n\t\t\t\t<input type=\"checkbox\" name=\"form_fields[field_c4b1860]\" id=\"form-field-field_c4b1860\" class=\"elementor-field elementor-size-md  elementor-acceptance-field\" required=\"required\">\n\t\t\t\t<label for=\"form-field-field_c4b1860\">Tu privacidad es importante para nosotros. Al completar este formulario, aceptas nuestra <a href=\"\/politica-de-privacidad\/\" target=\"_blank\" style=\"color:#6F00C0;\">pol\u00edtica de privacidad.<\/a><\/label>\t\t\t<\/span>\n\t\t<\/div>\n\t\t\t\t\t\t<\/div>\n\t\t\t\t\t\t\t\t<div class=\"elementor-field-type-text\">\n\t\t\t\t\t<input size=\"1\" type=\"text\" name=\"form_fields[field_cc3cfad]\" id=\"form-field-field_cc3cfad\" class=\"elementor-field elementor-size-md \" style=\"display:none !important;\">\t\t\t\t<\/div>\n\t\t\t\t\t\t\t\t<div class=\"elementor-field-type-recaptcha_v3 elementor-field-group elementor-column elementor-field-group-field_cde8825 elementor-col-100 recaptcha_v3-bottomright\">\n\t\t\t\t\t<div class=\"elementor-field\" id=\"form-field-field_cde8825\"><div class=\"elementor-g-recaptcha\" data-sitekey=\"6LfKhMcnAAAAAHMc1PEihhrZQzntQw9gvM9JpFdZ\" data-type=\"v3\" data-action=\"Form\" data-badge=\"bottomright\" data-size=\"invisible\"><\/div><\/div>\t\t\t\t<\/div>\n\t\t\t\t\t\t\t\t<div class=\"elementor-field-group elementor-column elementor-field-type-submit elementor-col-100 e-form__buttons\">\n\t\t\t\t\t<button class=\"elementor-button elementor-size-sm\" type=\"submit\">\n\t\t\t\t\t\t<span class=\"elementor-button-content-wrapper\">\n\t\t\t\t\t\t\t\t\t\t\t\t\t\t\t\t\t\t\t\t\t\t<span class=\"elementor-button-text\">Enviar<\/span>\n\t\t\t\t\t\t\t\t\t\t\t\t\t<\/span>\n\t\t\t\t\t<\/button>\n\t\t\t\t<\/div>\n\t\t\t<\/div>\n\t\t<\/form>\n\t\t\t\t\t\t<\/div>\n\t\t\t\t<\/div>\n\t\t\t\t\t<\/div>\n\t\t<\/div>\n\t\t\t\t\t<\/div>\n\t\t<\/section>\n\t\t\t\t<\/div>\n\t\t","protected":false},"excerpt":{"rendered":"<p>Cont\u00e1ctanos \u00bfTe gustar\u00eda que WeTown funcionara en tu municipio? Te ayudamos a transformar tu municipio Estamos comprometidos a responder tus consultas y proporcionarte toda la informaci\u00f3n que necesitas para lograr una gesti\u00f3n y comunicaci\u00f3n ciudadana m\u00e1s fluida en tu ayuntamiento. Sea cual sea tu pregunta o necesidad, no dudes en ponerte en contacto con nosotros. [&hellip;]<\/p>\n","protected":false},"author":2,"featured_media":0,"parent":0,"menu_order":0,"comment_status":"closed","ping_status":"closed","template":"","meta":{"_monsterinsights_skip_tracking":false,"_monsterinsights_sitenote_active":false,"_monsterinsights_sitenote_note":"","_monsterinsights_sitenote_category":0,"footnotes":""},"class_list":["post-1332","page","type-page","status-publish","hentry"],"yoast_head":"<!-- This site is optimized with the Yoast SEO plugin v27.3 - https:\/\/yoast.com\/product\/yoast-seo-wordpress\/ -->\n<title>Contacto | WeTown<\/title>\n<meta name=\"description\" content=\"Sea cual sea tu pregunta o necesidad, no dudes en ponerte en contacto con nosotros. Utiliza el formulario o llama al \ud83d\udcde +34 727 74 15 08.\" \/>\n<meta name=\"robots\" content=\"index, follow, max-snippet:-1, max-image-preview:large, max-video-preview:-1\" \/>\n<link rel=\"canonical\" href=\"https:\/\/wetown.app\/es\/contacte\" \/>\n<meta property=\"og:locale\" content=\"es_ES\" \/>\n<meta property=\"og:type\" content=\"article\" \/>\n<meta property=\"og:title\" content=\"Contacto | WeTown\" \/>\n<meta property=\"og:description\" content=\"Sea cual sea tu pregunta o necesidad, no dudes en ponerte en contacto con nosotros. Utiliza el formulario o llama al \ud83d\udcde +34 727 74 15 08.\" \/>\n<meta property=\"og:url\" content=\"https:\/\/wetown.app\/es\/contacte\" \/>\n<meta property=\"og:site_name\" content=\"WeTown\" \/>\n<meta property=\"article:modified_time\" content=\"2025-10-30T11:26:11+00:00\" \/>\n<meta name=\"twitter:card\" content=\"summary_large_image\" \/>\n<meta name=\"twitter:label1\" content=\"Tiempo de lectura\" \/>\n\t<meta name=\"twitter:data1\" content=\"1 minuto\" \/>\n<script type=\"application\/ld+json\" class=\"yoast-schema-graph\">{\"@context\":\"https:\\\/\\\/schema.org\",\"@graph\":[{\"@type\":\"WebPage\",\"@id\":\"https:\\\/\\\/wetown.app\\\/es\\\/contacte\",\"url\":\"https:\\\/\\\/wetown.app\\\/es\\\/contacte\",\"name\":\"Contacto | WeTown\",\"isPartOf\":{\"@id\":\"https:\\\/\\\/wetown.app\\\/es#website\"},\"datePublished\":\"2023-10-09T11:46:17+00:00\",\"dateModified\":\"2025-10-30T11:26:11+00:00\",\"description\":\"Sea cual sea tu pregunta o necesidad, no dudes en ponerte en contacto con nosotros. Utiliza el formulario o llama al \ud83d\udcde +34 727 74 15 08.\",\"breadcrumb\":{\"@id\":\"https:\\\/\\\/wetown.app\\\/es\\\/contacte#breadcrumb\"},\"inLanguage\":\"es\",\"potentialAction\":[{\"@type\":\"ReadAction\",\"target\":[\"https:\\\/\\\/wetown.app\\\/es\\\/contacte\"]}]},{\"@type\":\"BreadcrumbList\",\"@id\":\"https:\\\/\\\/wetown.app\\\/es\\\/contacte#breadcrumb\",\"itemListElement\":[{\"@type\":\"ListItem\",\"position\":1,\"name\":\"Inici\",\"item\":\"https:\\\/\\\/wetown.app\\\/es\"},{\"@type\":\"ListItem\",\"position\":2,\"name\":\"Contacto\"}]},{\"@type\":\"WebSite\",\"@id\":\"https:\\\/\\\/wetown.app\\\/es#website\",\"url\":\"https:\\\/\\\/wetown.app\\\/es\",\"name\":\"WeTown\",\"description\":\"El canal de comunicaci\u00f3 municipal\",\"publisher\":{\"@id\":\"https:\\\/\\\/wetown.app\\\/es#organization\"},\"alternateName\":\"wetown\",\"potentialAction\":[{\"@type\":\"SearchAction\",\"target\":{\"@type\":\"EntryPoint\",\"urlTemplate\":\"https:\\\/\\\/wetown.app\\\/es?s={search_term_string}\"},\"query-input\":{\"@type\":\"PropertyValueSpecification\",\"valueRequired\":true,\"valueName\":\"search_term_string\"}}],\"inLanguage\":\"es\"},{\"@type\":\"Organization\",\"@id\":\"https:\\\/\\\/wetown.app\\\/es#organization\",\"name\":\"WeTown\",\"alternateName\":\"WeTown\",\"url\":\"https:\\\/\\\/wetown.app\\\/es\",\"logo\":{\"@type\":\"ImageObject\",\"inLanguage\":\"es\",\"@id\":\"https:\\\/\\\/wetown.app\\\/es#\\\/schema\\\/logo\\\/image\\\/\",\"url\":\"https:\\\/\\\/wetown.app\\\/wp-content\\\/uploads\\\/2025\\\/10\\\/Logotip_WeTown_Horitzontal_Positiu.svg\",\"contentUrl\":\"https:\\\/\\\/wetown.app\\\/wp-content\\\/uploads\\\/2025\\\/10\\\/Logotip_WeTown_Horitzontal_Positiu.svg\",\"width\":622,\"height\":120,\"caption\":\"WeTown\"},\"image\":{\"@id\":\"https:\\\/\\\/wetown.app\\\/es#\\\/schema\\\/logo\\\/image\\\/\"}}]}<\/script>\n<!-- \/ Yoast SEO plugin. -->","yoast_head_json":{"title":"Contacto | WeTown","description":"Sea cual sea tu pregunta o necesidad, no dudes en ponerte en contacto con nosotros. Utiliza el formulario o llama al \ud83d\udcde +34 727 74 15 08.","robots":{"index":"index","follow":"follow","max-snippet":"max-snippet:-1","max-image-preview":"max-image-preview:large","max-video-preview":"max-video-preview:-1"},"canonical":"https:\/\/wetown.app\/es\/contacte","og_locale":"es_ES","og_type":"article","og_title":"Contacto | WeTown","og_description":"Sea cual sea tu pregunta o necesidad, no dudes en ponerte en contacto con nosotros. Utiliza el formulario o llama al \ud83d\udcde +34 727 74 15 08.","og_url":"https:\/\/wetown.app\/es\/contacte","og_site_name":"WeTown","article_modified_time":"2025-10-30T11:26:11+00:00","twitter_card":"summary_large_image","twitter_misc":{"Tiempo de lectura":"1 minuto"},"schema":{"@context":"https:\/\/schema.org","@graph":[{"@type":"WebPage","@id":"https:\/\/wetown.app\/es\/contacte","url":"https:\/\/wetown.app\/es\/contacte","name":"Contacto | WeTown","isPartOf":{"@id":"https:\/\/wetown.app\/es#website"},"datePublished":"2023-10-09T11:46:17+00:00","dateModified":"2025-10-30T11:26:11+00:00","description":"Sea cual sea tu pregunta o necesidad, no dudes en ponerte en contacto con nosotros. Utiliza el formulario o llama al \ud83d\udcde +34 727 74 15 08.","breadcrumb":{"@id":"https:\/\/wetown.app\/es\/contacte#breadcrumb"},"inLanguage":"es","potentialAction":[{"@type":"ReadAction","target":["https:\/\/wetown.app\/es\/contacte"]}]},{"@type":"BreadcrumbList","@id":"https:\/\/wetown.app\/es\/contacte#breadcrumb","itemListElement":[{"@type":"ListItem","position":1,"name":"Inici","item":"https:\/\/wetown.app\/es"},{"@type":"ListItem","position":2,"name":"Contacto"}]},{"@type":"WebSite","@id":"https:\/\/wetown.app\/es#website","url":"https:\/\/wetown.app\/es","name":"WeTown","description":"El canal de comunicaci\u00f3 municipal","publisher":{"@id":"https:\/\/wetown.app\/es#organization"},"alternateName":"wetown","potentialAction":[{"@type":"SearchAction","target":{"@type":"EntryPoint","urlTemplate":"https:\/\/wetown.app\/es?s={search_term_string}"},"query-input":{"@type":"PropertyValueSpecification","valueRequired":true,"valueName":"search_term_string"}}],"inLanguage":"es"},{"@type":"Organization","@id":"https:\/\/wetown.app\/es#organization","name":"WeTown","alternateName":"WeTown","url":"https:\/\/wetown.app\/es","logo":{"@type":"ImageObject","inLanguage":"es","@id":"https:\/\/wetown.app\/es#\/schema\/logo\/image\/","url":"https:\/\/wetown.app\/wp-content\/uploads\/2025\/10\/Logotip_WeTown_Horitzontal_Positiu.svg","contentUrl":"https:\/\/wetown.app\/wp-content\/uploads\/2025\/10\/Logotip_WeTown_Horitzontal_Positiu.svg","width":622,"height":120,"caption":"WeTown"},"image":{"@id":"https:\/\/wetown.app\/es#\/schema\/logo\/image\/"}}]}},"_links":{"self":[{"href":"https:\/\/wetown.app\/es\/wp-json\/wp\/v2\/pages\/1332","targetHints":{"allow":["GET"]}}],"collection":[{"href":"https:\/\/wetown.app\/es\/wp-json\/wp\/v2\/pages"}],"about":[{"href":"https:\/\/wetown.app\/es\/wp-json\/wp\/v2\/types\/page"}],"author":[{"embeddable":true,"href":"https:\/\/wetown.app\/es\/wp-json\/wp\/v2\/users\/2"}],"replies":[{"embeddable":true,"href":"https:\/\/wetown.app\/es\/wp-json\/wp\/v2\/comments?post=1332"}],"version-history":[{"count":3,"href":"https:\/\/wetown.app\/es\/wp-json\/wp\/v2\/pages\/1332\/revisions"}],"predecessor-version":[{"id":6585,"href":"https:\/\/wetown.app\/es\/wp-json\/wp\/v2\/pages\/1332\/revisions\/6585"}],"wp:attachment":[{"href":"https:\/\/wetown.app\/es\/wp-json\/wp\/v2\/media?parent=1332"}],"curies":[{"name":"wp","href":"https:\/\/api.w.org\/{rel}","templated":true}]}}