{"id":5072,"date":"2024-11-21T23:04:52","date_gmt":"2024-11-21T22:04:52","guid":{"rendered":"http:\/\/wetown.app\/?page_id=5072"},"modified":"2026-01-14T08:55:11","modified_gmt":"2026-01-14T07:55:11","slug":"avis-legal","status":"publish","type":"page","link":"https:\/\/wetown.app\/ca\/avis-legal","title":{"rendered":"Av\u00eds legal"},"content":{"rendered":"\t\t<div data-elementor-type=\"wp-page\" data-elementor-id=\"5072\" class=\"elementor elementor-5072\" data-elementor-post-type=\"page\">\n\t\t\t\t<div class=\"elementor-element elementor-element-1d3a19c e-flex e-con-boxed e-con e-parent\" data-id=\"1d3a19c\" data-element_type=\"container\" data-e-type=\"container\">\n\t\t\t\t\t<div class=\"e-con-inner\">\n\t\t\t\t<div class=\"elementor-element elementor-element-e08e98f elementor-widget-tablet__width-initial elementor-widget__width-initial elementor-widget elementor-widget-heading\" data-id=\"e08e98f\" data-element_type=\"widget\" data-e-type=\"widget\" data-widget_type=\"heading.default\">\n\t\t\t\t<div class=\"elementor-widget-container\">\n\t\t\t\t\t<h1 class=\"elementor-heading-title elementor-size-default\">Av\u00eds\n <span class=\"text-grad\">Legal<\/span><\/h1>\t\t\t\t<\/div>\n\t\t\t\t<\/div>\n\t\t\t\t\t<\/div>\n\t\t\t\t<\/div>\n\t\t<div class=\"elementor-element elementor-element-13cf6cbd e-flex e-con-boxed e-con e-parent\" data-id=\"13cf6cbd\" data-element_type=\"container\" data-e-type=\"container\">\n\t\t\t\t\t<div class=\"e-con-inner\">\n\t\t\t\t<div class=\"elementor-element elementor-element-1ff103ea elementor-widget elementor-widget-text-editor\" data-id=\"1ff103ea\" data-element_type=\"widget\" data-e-type=\"widget\" data-widget_type=\"text-editor.default\">\n\t\t\t\t<div class=\"elementor-widget-container\">\n\t\t\t\t\t\t\t\t\t\n<p><strong>Av\u00eds Legal<\/strong><\/p>\n\n<p><strong>1. Titularitat del lloc web<\/strong><\/p>\n\n<p>El present lloc web \u00e9s propietat de:<\/p>\n\n<p>\u2022 <strong>Nom de l\u2019entitat:<\/strong> Codigital 360 Solutions, SL<\/p>\n\n<p>\u2022 <strong>CIF:<\/strong> B10773273<\/p>\n\n<p>\u2022 <strong>Correu electr\u00f2nic:<\/strong> info@wetown.app<\/p>\n\n<p>Accedir, navegar i utilitzar aquest lloc web implica l\u2019acceptaci\u00f3 expressa i sense reserves dels termes d\u2019aquest av\u00eds legal.<\/p>\n\n<p><strong>2. Condicions d\u2019\u00fas<\/strong><\/p>\n\n<p>Els usuaris es comprometen a fer un \u00fas adequat dels continguts i serveis oferts en aquest lloc web i a no utilitzar-los per a activitats contr\u00e0ries a la legislaci\u00f3 vigent, la bona fe o l\u2019ordre p\u00fablic. Estan prohibits, entre altres:<\/p>\n\n<p>\u2022 Difondre continguts il\u00b7l\u00edcits, violents, pornogr\u00e0fics, racistes o xen\u00f2fobs.<\/p>\n\n<p>\u2022 Intentar accedir, modificar o utilitzar dades d\u2019altres usuaris sense autoritzaci\u00f3 pr\u00e8via.<\/p>\n\n<p>\u2022 Realitzar activitats que puguin danyar el lloc web o interferir en el seu funcionament normal.<\/p>\n\n<p><strong>3. Propietat intel\u00b7lectual i industrial<\/strong><\/p>\n\n<p>Tots els drets de propietat intel\u00b7lectual i industrial del lloc web i dels seus continguts s\u00f3n titularitat exclusiva de WeTown (<strong>Codigital 360 Solutions SL<\/strong>) o dels seus leg\u00edtims titulars. Queda prohibida la seva reproducci\u00f3, distribuci\u00f3, comunicaci\u00f3 p\u00fablica o transformaci\u00f3 sense autoritzaci\u00f3 pr\u00e8via per escrit.<\/p>\n\n<p><strong>4. Protecci\u00f3 de dades personals<\/strong><\/p>\n\n<p>En compliment del <strong>Reglament General de Protecci\u00f3 de Dades (RGPD)<\/strong> i la <strong>Llei Org\u00e0nica 3\/2018 (LOPDGDD)<\/strong>, informem que les dades personals facilitades a trav\u00e9s del lloc web seran tractades de manera confidencial i utilitzades \u00fanicament amb les finalitats especificades en la nostra <a href=\"\/politica-de-privacidad\/\">Pol\u00edtica de Privacitat<\/a>.<\/p>\n\n<p>\u2022 <strong>Responsable del tractament:<\/strong> WeTown (Codigital 360 Solutions SL)<\/p>\n\n<p>\u2022 <strong>Finalitat:<\/strong> Gesti\u00f3 de consultes, enviament de comunicacions comercials i prestaci\u00f3 de serveis contractats.<\/p>\n\n<p>\u2022 <strong>Legitimaci\u00f3:<\/strong> Consentiment expr\u00e9s de l\u2019usuari.<\/p>\n\n<p>\u2022 <strong>Destinataris:<\/strong> No se cediran dades a tercers, excepte obligaci\u00f3 legal.<\/p>\n\n<p>\u2022 <strong>Drets:<\/strong> Accedir, rectificar, suprimir, limitar el tractament, oposar-se i sol\u00b7licitar la portabilitat de les dades. Per exercir aquests drets, podeu contactar amb info@wetown.app<\/p>\n\n<p><strong>5. Pol\u00edtica de cookies<\/strong><\/p>\n\n<p>Aquest lloc web utilitza cookies per optimitzar l\u2019experi\u00e8ncia d\u2019usuari i millorar els serveis oferts. Pots consultar la nostra <a href=\"http:\/\/wetown.app\/politica-de-cookies\">Pol\u00edtica de Cookies<\/a> per obtenir m\u00e9s informaci\u00f3 sobre els tipus de cookies utilitzades, la seva finalitat i com gestionar-les.<\/p>\n\n<p><strong>6. Exempci\u00f3 de responsabilitats<\/strong><\/p>\n\n<p>WeTown (<strong>Codigital 360 Solutions SL<\/strong>) no es fa responsable de possibles danys derivats de:<\/p>\n\n<p>\u2022 Errors o omissions en els continguts.<\/p>\n\n<p>\u2022 Faltes de disponibilitat del lloc web.<\/p>\n\n<p>\u2022 Transmissions de virus o altres programes maliciosos que puguin afectar els sistemes inform\u00e0tics dels usuaris.<\/p>\n\n<p><strong>7. Legislaci\u00f3 aplicable i jurisdicci\u00f3<\/strong><\/p>\n\n<p>Aquest lloc web es regeix per la legislaci\u00f3 espanyola. Qualsevol controv\u00e8rsia relacionada amb l\u2019\u00fas del lloc web ser\u00e0 resolta pels tribunals competents del domicili social de WeTown (<strong>Codigital 360 Solutions SL<\/strong>) excepte que la normativa aplicable estableixi el contrari.<\/p>\n\n<p>\u00a0<\/p>\n\t\t\t\t\t\t\t\t<\/div>\n\t\t\t\t<\/div>\n\t\t\t\t\t<\/div>\n\t\t\t\t<\/div>\n\t\t\t\t<\/div>\n\t\t","protected":false},"excerpt":{"rendered":"<p>Av\u00eds Legal Av\u00eds Legal 1. Titularitat del lloc web El present lloc web \u00e9s propietat de: \u2022 Nom de l\u2019entitat: Codigital 360 Solutions, SL \u2022 CIF: B10773273 \u2022 Correu electr\u00f2nic: info@wetown.app Accedir, navegar i utilitzar aquest lloc web implica l\u2019acceptaci\u00f3 expressa i sense reserves dels termes d\u2019aquest av\u00eds legal. 2. Condicions d\u2019\u00fas Els usuaris es [&hellip;]<\/p>\n","protected":false},"author":1,"featured_media":0,"parent":0,"menu_order":0,"comment_status":"closed","ping_status":"closed","template":"","meta":{"_monsterinsights_skip_tracking":false,"_monsterinsights_sitenote_active":false,"_monsterinsights_sitenote_note":"","_monsterinsights_sitenote_category":0,"footnotes":""},"class_list":["post-5072","page","type-page","status-publish","hentry"],"yoast_head":"<!-- This site is optimized with the Yoast SEO plugin v27.4 - https:\/\/yoast.com\/product\/yoast-seo-wordpress\/ -->\n<title>Av\u00eds legal | WeTown<\/title>\n<meta name=\"robots\" content=\"noindex, nofollow\" \/>\n<meta property=\"og:locale\" content=\"ca_ES\" \/>\n<meta property=\"og:type\" content=\"article\" \/>\n<meta property=\"og:title\" content=\"Av\u00eds legal | WeTown\" \/>\n<meta property=\"og:description\" content=\"Av\u00eds Legal Av\u00eds Legal 1. Titularitat del lloc web El present lloc web \u00e9s propietat de: \u2022 Nom de l\u2019entitat: Codigital 360 Solutions, SL \u2022 CIF: B10773273 \u2022 Correu electr\u00f2nic: info@wetown.app Accedir, navegar i utilitzar aquest lloc web implica l\u2019acceptaci\u00f3 expressa i sense reserves dels termes d\u2019aquest av\u00eds legal. 2. Condicions d\u2019\u00fas Els usuaris es [&hellip;]\" \/>\n<meta property=\"og:url\" content=\"https:\/\/wetown.app\/ca\/avis-legal\" \/>\n<meta property=\"og:site_name\" content=\"WeTown\" \/>\n<meta property=\"article:modified_time\" content=\"2026-01-14T07:55:11+00:00\" \/>\n<meta name=\"twitter:card\" content=\"summary_large_image\" \/>\n<meta name=\"twitter:label1\" content=\"Temps estimat de lectura\" \/>\n\t<meta name=\"twitter:data1\" content=\"3 minuts\" \/>\n<script type=\"application\/ld+json\" class=\"yoast-schema-graph\">{\"@context\":\"https:\\\/\\\/schema.org\",\"@graph\":[{\"@type\":\"WebPage\",\"@id\":\"https:\\\/\\\/wetown.app\\\/ca\\\/avis-legal\",\"url\":\"https:\\\/\\\/wetown.app\\\/ca\\\/avis-legal\",\"name\":\"Av\u00eds legal | WeTown\",\"isPartOf\":{\"@id\":\"https:\\\/\\\/wetown.app\\\/ca\\\/#website\"},\"datePublished\":\"2024-11-21T22:04:52+00:00\",\"dateModified\":\"2026-01-14T07:55:11+00:00\",\"breadcrumb\":{\"@id\":\"https:\\\/\\\/wetown.app\\\/ca\\\/avis-legal#breadcrumb\"},\"inLanguage\":\"ca\",\"potentialAction\":[{\"@type\":\"ReadAction\",\"target\":[\"https:\\\/\\\/wetown.app\\\/ca\\\/avis-legal\"]}]},{\"@type\":\"BreadcrumbList\",\"@id\":\"https:\\\/\\\/wetown.app\\\/ca\\\/avis-legal#breadcrumb\",\"itemListElement\":[{\"@type\":\"ListItem\",\"position\":1,\"name\":\"Inici\",\"item\":\"https:\\\/\\\/wetown.app\\\/ca\"},{\"@type\":\"ListItem\",\"position\":2,\"name\":\"Av\u00eds legal\"}]},{\"@type\":\"WebSite\",\"@id\":\"https:\\\/\\\/wetown.app\\\/ca\\\/#website\",\"url\":\"https:\\\/\\\/wetown.app\\\/ca\\\/\",\"name\":\"WeTown\",\"description\":\"El canal de comunicaci\u00f3 municipal\",\"publisher\":{\"@id\":\"https:\\\/\\\/wetown.app\\\/ca\\\/#organization\"},\"alternateName\":\"wetown\",\"potentialAction\":[{\"@type\":\"SearchAction\",\"target\":{\"@type\":\"EntryPoint\",\"urlTemplate\":\"https:\\\/\\\/wetown.app\\\/ca\\\/?s={search_term_string}\"},\"query-input\":{\"@type\":\"PropertyValueSpecification\",\"valueRequired\":true,\"valueName\":\"search_term_string\"}}],\"inLanguage\":\"ca\"},{\"@type\":\"Organization\",\"@id\":\"https:\\\/\\\/wetown.app\\\/ca\\\/#organization\",\"name\":\"WeTown\",\"alternateName\":\"WeTown\",\"url\":\"https:\\\/\\\/wetown.app\\\/ca\\\/\",\"logo\":{\"@type\":\"ImageObject\",\"inLanguage\":\"ca\",\"@id\":\"https:\\\/\\\/wetown.app\\\/ca\\\/#\\\/schema\\\/logo\\\/image\\\/\",\"url\":\"https:\\\/\\\/wetown.app\\\/wp-content\\\/uploads\\\/2025\\\/10\\\/Logotip_WeTown_Horitzontal_Positiu.svg\",\"contentUrl\":\"https:\\\/\\\/wetown.app\\\/wp-content\\\/uploads\\\/2025\\\/10\\\/Logotip_WeTown_Horitzontal_Positiu.svg\",\"width\":622,\"height\":120,\"caption\":\"WeTown\"},\"image\":{\"@id\":\"https:\\\/\\\/wetown.app\\\/ca\\\/#\\\/schema\\\/logo\\\/image\\\/\"}}]}<\/script>\n<!-- \/ Yoast SEO plugin. -->","yoast_head_json":{"title":"Av\u00eds legal | WeTown","robots":{"index":"noindex","follow":"nofollow"},"og_locale":"ca_ES","og_type":"article","og_title":"Av\u00eds legal | WeTown","og_description":"Av\u00eds Legal Av\u00eds Legal 1. Titularitat del lloc web El present lloc web \u00e9s propietat de: \u2022 Nom de l\u2019entitat: Codigital 360 Solutions, SL \u2022 CIF: B10773273 \u2022 Correu electr\u00f2nic: info@wetown.app Accedir, navegar i utilitzar aquest lloc web implica l\u2019acceptaci\u00f3 expressa i sense reserves dels termes d\u2019aquest av\u00eds legal. 2. Condicions d\u2019\u00fas Els usuaris es [&hellip;]","og_url":"https:\/\/wetown.app\/ca\/avis-legal","og_site_name":"WeTown","article_modified_time":"2026-01-14T07:55:11+00:00","twitter_card":"summary_large_image","twitter_misc":{"Temps estimat de lectura":"3 minuts"},"schema":{"@context":"https:\/\/schema.org","@graph":[{"@type":"WebPage","@id":"https:\/\/wetown.app\/ca\/avis-legal","url":"https:\/\/wetown.app\/ca\/avis-legal","name":"Av\u00eds legal | WeTown","isPartOf":{"@id":"https:\/\/wetown.app\/ca\/#website"},"datePublished":"2024-11-21T22:04:52+00:00","dateModified":"2026-01-14T07:55:11+00:00","breadcrumb":{"@id":"https:\/\/wetown.app\/ca\/avis-legal#breadcrumb"},"inLanguage":"ca","potentialAction":[{"@type":"ReadAction","target":["https:\/\/wetown.app\/ca\/avis-legal"]}]},{"@type":"BreadcrumbList","@id":"https:\/\/wetown.app\/ca\/avis-legal#breadcrumb","itemListElement":[{"@type":"ListItem","position":1,"name":"Inici","item":"https:\/\/wetown.app\/ca"},{"@type":"ListItem","position":2,"name":"Av\u00eds legal"}]},{"@type":"WebSite","@id":"https:\/\/wetown.app\/ca\/#website","url":"https:\/\/wetown.app\/ca\/","name":"WeTown","description":"El canal de comunicaci\u00f3 municipal","publisher":{"@id":"https:\/\/wetown.app\/ca\/#organization"},"alternateName":"wetown","potentialAction":[{"@type":"SearchAction","target":{"@type":"EntryPoint","urlTemplate":"https:\/\/wetown.app\/ca\/?s={search_term_string}"},"query-input":{"@type":"PropertyValueSpecification","valueRequired":true,"valueName":"search_term_string"}}],"inLanguage":"ca"},{"@type":"Organization","@id":"https:\/\/wetown.app\/ca\/#organization","name":"WeTown","alternateName":"WeTown","url":"https:\/\/wetown.app\/ca\/","logo":{"@type":"ImageObject","inLanguage":"ca","@id":"https:\/\/wetown.app\/ca\/#\/schema\/logo\/image\/","url":"https:\/\/wetown.app\/wp-content\/uploads\/2025\/10\/Logotip_WeTown_Horitzontal_Positiu.svg","contentUrl":"https:\/\/wetown.app\/wp-content\/uploads\/2025\/10\/Logotip_WeTown_Horitzontal_Positiu.svg","width":622,"height":120,"caption":"WeTown"},"image":{"@id":"https:\/\/wetown.app\/ca\/#\/schema\/logo\/image\/"}}]}},"_links":{"self":[{"href":"https:\/\/wetown.app\/ca\/wp-json\/wp\/v2\/pages\/5072","targetHints":{"allow":["GET"]}}],"collection":[{"href":"https:\/\/wetown.app\/ca\/wp-json\/wp\/v2\/pages"}],"about":[{"href":"https:\/\/wetown.app\/ca\/wp-json\/wp\/v2\/types\/page"}],"author":[{"embeddable":true,"href":"https:\/\/wetown.app\/ca\/wp-json\/wp\/v2\/users\/1"}],"replies":[{"embeddable":true,"href":"https:\/\/wetown.app\/ca\/wp-json\/wp\/v2\/comments?post=5072"}],"version-history":[{"count":9,"href":"https:\/\/wetown.app\/ca\/wp-json\/wp\/v2\/pages\/5072\/revisions"}],"predecessor-version":[{"id":8696,"href":"https:\/\/wetown.app\/ca\/wp-json\/wp\/v2\/pages\/5072\/revisions\/8696"}],"wp:attachment":[{"href":"https:\/\/wetown.app\/ca\/wp-json\/wp\/v2\/media?parent=5072"}],"curies":[{"name":"wp","href":"https:\/\/api.w.org\/{rel}","templated":true}]}}