{"id":2921,"date":"2024-01-08T11:53:49","date_gmt":"2024-01-08T10:53:49","guid":{"rendered":"http:\/\/wetown-test.codigitalab.com\/?page_id=2921"},"modified":"2026-04-27T08:57:06","modified_gmt":"2026-04-27T06:57:06","slug":"blog","status":"publish","type":"page","link":"https:\/\/wetown.app\/ca\/blog","title":{"rendered":"Blog"},"content":{"rendered":"\t\t<div data-elementor-type=\"wp-page\" data-elementor-id=\"2921\" class=\"elementor elementor-2921\" data-elementor-post-type=\"page\">\n\t\t\t\t\t\t<section class=\"elementor-section elementor-top-section elementor-element elementor-element-fd6f636 elementor-section-full_width elementor-section-stretched elementor-section-height-default elementor-section-height-default\" data-id=\"fd6f636\" data-element_type=\"section\" data-e-type=\"section\" data-settings=\"{&quot;stretch_section&quot;:&quot;section-stretched&quot;,&quot;background_background&quot;:&quot;slideshow&quot;,&quot;background_slideshow_gallery&quot;:[{&quot;id&quot;:24,&quot;url&quot;:&quot;http:\\\/\\\/wetown.app\\\/wp-content\\\/uploads\\\/2023\\\/09\\\/Disseny-sense-titol-1.png&quot;}],&quot;background_slideshow_loop&quot;:&quot;yes&quot;,&quot;background_slideshow_slide_duration&quot;:5000,&quot;background_slideshow_slide_transition&quot;:&quot;fade&quot;,&quot;background_slideshow_transition_duration&quot;:500}\">\n\t\t\t\t\t\t\t<div class=\"elementor-background-overlay\"><\/div>\n\t\t\t\t\t\t\t<div class=\"elementor-container elementor-column-gap-no\">\n\t\t\t\t\t<div class=\"elementor-column elementor-col-100 elementor-top-column elementor-element elementor-element-a375b70\" data-id=\"a375b70\" data-element_type=\"column\" data-e-type=\"column\" data-settings=\"{&quot;background_background&quot;:&quot;slideshow&quot;,&quot;background_slideshow_gallery&quot;:[],&quot;background_slideshow_loop&quot;:&quot;yes&quot;,&quot;background_slideshow_slide_duration&quot;:5000,&quot;background_slideshow_slide_transition&quot;:&quot;fade&quot;,&quot;background_slideshow_transition_duration&quot;:500}\">\n\t\t\t<div class=\"elementor-widget-wrap elementor-element-populated\">\n\t\t\t\t\t\t<div class=\"elementor-element elementor-element-d460831 elementor-widget elementor-widget-spacer\" data-id=\"d460831\" data-element_type=\"widget\" data-e-type=\"widget\" data-widget_type=\"spacer.default\">\n\t\t\t\t<div class=\"elementor-widget-container\">\n\t\t\t\t\t\t\t<div class=\"elementor-spacer\">\n\t\t\t<div class=\"elementor-spacer-inner\"><\/div>\n\t\t<\/div>\n\t\t\t\t\t\t<\/div>\n\t\t\t\t<\/div>\n\t\t\t\t<div class=\"elementor-element elementor-element-d665cf4 elementor-widget elementor-widget-heading\" data-id=\"d665cf4\" data-element_type=\"widget\" data-e-type=\"widget\" data-widget_type=\"heading.default\">\n\t\t\t\t<div class=\"elementor-widget-container\">\n\t\t\t\t\t<h1 class=\"elementor-heading-title elementor-size-default\">Blog<\/h1>\t\t\t\t<\/div>\n\t\t\t\t<\/div>\n\t\t\t\t<div class=\"elementor-element elementor-element-3b74947 elementor-hidden-mobile elementor-widget elementor-widget-text-editor\" data-id=\"3b74947\" data-element_type=\"widget\" data-e-type=\"widget\" data-widget_type=\"text-editor.default\">\n\t\t\t\t<div class=\"elementor-widget-container\">\n\t\t\t\t\t\t\t\t\t<p>Explora l&#8217;espai WeTown: novetats, consells i actualitat que transforma la comunicaci\u00f3 ciutadana.<\/p>\t\t\t\t\t\t\t\t<\/div>\n\t\t\t\t<\/div>\n\t\t\t\t<div class=\"elementor-element elementor-element-c535165 elementor-hidden-desktop elementor-hidden-tablet elementor-widget elementor-widget-text-editor\" data-id=\"c535165\" data-element_type=\"widget\" data-e-type=\"widget\" data-widget_type=\"text-editor.default\">\n\t\t\t\t<div class=\"elementor-widget-container\">\n\t\t\t\t\t\t\t\t\t<p>Novetats, consells i actualitat ciutadana.<\/p>\t\t\t\t\t\t\t\t<\/div>\n\t\t\t\t<\/div>\n\t\t\t\t\t<\/div>\n\t\t<\/div>\n\t\t\t\t\t<\/div>\n\t\t<\/section>\n\t\t\t\t<section class=\"elementor-section elementor-top-section elementor-element elementor-element-4416616 elementor-section-boxed elementor-section-height-default elementor-section-height-default\" data-id=\"4416616\" data-element_type=\"section\" data-e-type=\"section\">\n\t\t\t\t\t\t<div class=\"elementor-container elementor-column-gap-default\">\n\t\t\t\t\t<div class=\"elementor-column elementor-col-100 elementor-top-column elementor-element elementor-element-a92662e\" data-id=\"a92662e\" data-element_type=\"column\" data-e-type=\"column\">\n\t\t\t<div class=\"elementor-widget-wrap elementor-element-populated\">\n\t\t\t\t\t\t<div class=\"elementor-element elementor-element-455fe7e elementor-widget__width-initial elementor-widget elementor-widget-heading\" data-id=\"455fe7e\" data-element_type=\"widget\" data-e-type=\"widget\" data-widget_type=\"heading.default\">\n\t\t\t\t<div class=\"elementor-widget-container\">\n\t\t\t\t\t<h2 class=\"elementor-heading-title elementor-size-default\">Benvingut al blog de WeTown,<\/h2>\t\t\t\t<\/div>\n\t\t\t\t<\/div>\n\t\t\t\t<div class=\"elementor-element elementor-element-5330fea elementor-widget elementor-widget-text-editor\" data-id=\"5330fea\" data-element_type=\"widget\" data-e-type=\"widget\" data-widget_type=\"text-editor.default\">\n\t\t\t\t<div class=\"elementor-widget-container\">\n\t\t\t\t\t\t\t\t\t<p class=\"p1\">aqu\u00ed descobrir\u00e0s les \u00faltimes novetats en comunicaci\u00f3 ciutadana, participaci\u00f3 i smart cities!<\/p>\n<p><\/p>\t\t\t\t\t\t\t\t<\/div>\n\t\t\t\t<\/div>\n\t\t\t\t<div class=\"elementor-element elementor-element-1f14673 elementor-grid-tablet-3 elementor-grid-3 elementor-grid-mobile-1 elementor-posts--thumbnail-top elementor-widget elementor-widget-posts\" data-id=\"1f14673\" data-element_type=\"widget\" data-e-type=\"widget\" data-settings=\"{&quot;classic_columns_tablet&quot;:&quot;3&quot;,&quot;classic_row_gap&quot;:{&quot;unit&quot;:&quot;px&quot;,&quot;size&quot;:42,&quot;sizes&quot;:[]},&quot;classic_row_gap_mobile&quot;:{&quot;unit&quot;:&quot;px&quot;,&quot;size&quot;:35,&quot;sizes&quot;:[]},&quot;classic_columns&quot;:&quot;3&quot;,&quot;classic_columns_mobile&quot;:&quot;1&quot;,&quot;classic_row_gap_widescreen&quot;:{&quot;unit&quot;:&quot;px&quot;,&quot;size&quot;:&quot;&quot;,&quot;sizes&quot;:[]},&quot;classic_row_gap_tablet&quot;:{&quot;unit&quot;:&quot;px&quot;,&quot;size&quot;:&quot;&quot;,&quot;sizes&quot;:[]}}\" data-widget_type=\"posts.classic\">\n\t\t\t\t<div class=\"elementor-widget-container\">\n\t\t\t\t\t\t\t<div class=\"elementor-posts-container elementor-posts elementor-posts--skin-classic elementor-grid\" role=\"list\">\n\t\t\t\t<article class=\"elementor-post elementor-grid-item post-1 post type-post status-publish format-standard has-post-thumbnail hentry category-comunicats\" role=\"listitem\">\n\t\t\t\t<a class=\"elementor-post__thumbnail__link\" href=\"https:\/\/wetown.app\/ca\/wetown-lapp-per-ajuntaments\" tabindex=\"-1\" target=&quot;_blank&quot;>\n\t\t\t<div class=\"elementor-post__thumbnail\"><img fetchpriority=\"high\" decoding=\"async\" width=\"768\" height=\"512\" src=\"https:\/\/wetown.app\/wp-content\/uploads\/2023\/09\/girona-medieval-city-mother-grandmother-and-gran-2022-03-14-20-20-26-utc-min-768x512.jpg\" class=\"attachment-medium_large size-medium_large wp-image-269\" alt=\"\" srcset=\"https:\/\/wetown.app\/wp-content\/uploads\/2023\/09\/girona-medieval-city-mother-grandmother-and-gran-2022-03-14-20-20-26-utc-min-768x512.jpg 768w, https:\/\/wetown.app\/wp-content\/uploads\/2023\/09\/girona-medieval-city-mother-grandmother-and-gran-2022-03-14-20-20-26-utc-min-300x200.jpg 300w, https:\/\/wetown.app\/wp-content\/uploads\/2023\/09\/girona-medieval-city-mother-grandmother-and-gran-2022-03-14-20-20-26-utc-min-1024x683.jpg 1024w, https:\/\/wetown.app\/wp-content\/uploads\/2023\/09\/girona-medieval-city-mother-grandmother-and-gran-2022-03-14-20-20-26-utc-min-1536x1024.jpg 1536w, https:\/\/wetown.app\/wp-content\/uploads\/2023\/09\/girona-medieval-city-mother-grandmother-and-gran-2022-03-14-20-20-26-utc-min-2048x1365.jpg 2048w\" sizes=\"(max-width: 768px) 100vw, 768px\" \/><\/div>\n\t\t<\/a>\n\t\t\t\t<div class=\"elementor-post__text\">\n\t\t\t\t<h3 class=\"elementor-post__title\">\n\t\t\t<a href=\"https:\/\/wetown.app\/ca\/wetown-lapp-per-ajuntaments\" target=&quot;_blank&quot;>\n\t\t\t\tWeTown l\u2019APP per ajuntaments\t\t\t<\/a>\n\t\t<\/h3>\n\t\t\t\t<div class=\"elementor-post__meta-data\">\n\t\t\t\t\t<span class=\"elementor-post-date\">\n\t\t\t3 de setembre de 2023\t\t<\/span>\n\t\t\t\t<\/div>\n\t\t\t\t<\/div>\n\t\t\t\t<\/article>\n\t\t\t\t<article class=\"elementor-post elementor-grid-item post-375 post type-post status-publish format-standard has-post-thumbnail hentry category-actualitat\" role=\"listitem\">\n\t\t\t\t<a class=\"elementor-post__thumbnail__link\" href=\"https:\/\/wetown.app\/ca\/begur-al-dia-la-nova-app-que-facilita-la-comunicacio-entre-els-veins-i-lajuntament\" tabindex=\"-1\" target=&quot;_blank&quot;>\n\t\t\t<div class=\"elementor-post__thumbnail\"><img decoding=\"async\" width=\"768\" height=\"361\" src=\"https:\/\/wetown.app\/wp-content\/uploads\/2023\/09\/Captura-de-pantalla-2023-09-12-a-les-23.46.08-768x361.png\" class=\"attachment-medium_large size-medium_large wp-image-376\" alt=\"\" srcset=\"https:\/\/wetown.app\/wp-content\/uploads\/2023\/09\/Captura-de-pantalla-2023-09-12-a-les-23.46.08-768x361.png 768w, https:\/\/wetown.app\/wp-content\/uploads\/2023\/09\/Captura-de-pantalla-2023-09-12-a-les-23.46.08-300x141.png 300w, https:\/\/wetown.app\/wp-content\/uploads\/2023\/09\/Captura-de-pantalla-2023-09-12-a-les-23.46.08-1024x482.png 1024w, https:\/\/wetown.app\/wp-content\/uploads\/2023\/09\/Captura-de-pantalla-2023-09-12-a-les-23.46.08-1536x723.png 1536w, https:\/\/wetown.app\/wp-content\/uploads\/2023\/09\/Captura-de-pantalla-2023-09-12-a-les-23.46.08.png 1794w\" sizes=\"(max-width: 768px) 100vw, 768px\" \/><\/div>\n\t\t<\/a>\n\t\t\t\t<div class=\"elementor-post__text\">\n\t\t\t\t<h3 class=\"elementor-post__title\">\n\t\t\t<a href=\"https:\/\/wetown.app\/ca\/begur-al-dia-la-nova-app-que-facilita-la-comunicacio-entre-els-veins-i-lajuntament\" target=&quot;_blank&quot;>\n\t\t\t\t\u201cBegur al dia\u201d la nova app que facilita la comunicaci\u00f3 entre els ve\u00efns i l\u2019Ajuntament\t\t\t<\/a>\n\t\t<\/h3>\n\t\t\t\t<div class=\"elementor-post__meta-data\">\n\t\t\t\t\t<span class=\"elementor-post-date\">\n\t\t\t12 de setembre de 2022\t\t<\/span>\n\t\t\t\t<\/div>\n\t\t\t\t<\/div>\n\t\t\t\t<\/article>\n\t\t\t\t<article class=\"elementor-post elementor-grid-item post-345 post type-post status-publish format-standard has-post-thumbnail hentry category-actualitat\" role=\"listitem\">\n\t\t\t\t<a class=\"elementor-post__thumbnail__link\" href=\"https:\/\/wetown.app\/ca\/quart-escull-el-nom-duna-placa-amb-wetown\" tabindex=\"-1\" target=&quot;_blank&quot;>\n\t\t\t<div class=\"elementor-post__thumbnail\"><img decoding=\"async\" width=\"768\" height=\"492\" src=\"https:\/\/wetown.app\/wp-content\/uploads\/2023\/09\/WhatsApp-Image-2021-04-16-at-08.17.37-768x492.jpeg\" class=\"attachment-medium_large size-medium_large wp-image-346\" alt=\"\" srcset=\"https:\/\/wetown.app\/wp-content\/uploads\/2023\/09\/WhatsApp-Image-2021-04-16-at-08.17.37-768x492.jpeg 768w, https:\/\/wetown.app\/wp-content\/uploads\/2023\/09\/WhatsApp-Image-2021-04-16-at-08.17.37-300x192.jpeg 300w, https:\/\/wetown.app\/wp-content\/uploads\/2023\/09\/WhatsApp-Image-2021-04-16-at-08.17.37-1024x655.jpeg 1024w, https:\/\/wetown.app\/wp-content\/uploads\/2023\/09\/WhatsApp-Image-2021-04-16-at-08.17.37.jpeg 1200w\" sizes=\"(max-width: 768px) 100vw, 768px\" \/><\/div>\n\t\t<\/a>\n\t\t\t\t<div class=\"elementor-post__text\">\n\t\t\t\t<h3 class=\"elementor-post__title\">\n\t\t\t<a href=\"https:\/\/wetown.app\/ca\/quart-escull-el-nom-duna-placa-amb-wetown\" target=&quot;_blank&quot;>\n\t\t\t\tQuart escull el nom d\u2019una pla\u00e7a amb WeTown\t\t\t<\/a>\n\t\t<\/h3>\n\t\t\t\t<div class=\"elementor-post__meta-data\">\n\t\t\t\t\t<span class=\"elementor-post-date\">\n\t\t\t12 de setembre de 2021\t\t<\/span>\n\t\t\t\t<\/div>\n\t\t\t\t<\/div>\n\t\t\t\t<\/article>\n\t\t\t\t<\/div>\n\t\t\n\t\t\t\t\t\t<\/div>\n\t\t\t\t<\/div>\n\t\t\t\t<div class=\"elementor-element elementor-element-d1e1314 elementor-widget elementor-widget-spacer\" data-id=\"d1e1314\" data-element_type=\"widget\" data-e-type=\"widget\" data-widget_type=\"spacer.default\">\n\t\t\t\t<div class=\"elementor-widget-container\">\n\t\t\t\t\t\t\t<div class=\"elementor-spacer\">\n\t\t\t<div class=\"elementor-spacer-inner\"><\/div>\n\t\t<\/div>\n\t\t\t\t\t\t<\/div>\n\t\t\t\t<\/div>\n\t\t\t\t\t<\/div>\n\t\t<\/div>\n\t\t\t\t\t<\/div>\n\t\t<\/section>\n\t\t\t\t<\/div>\n\t\t","protected":false},"excerpt":{"rendered":"<p>Blog Explora l&#8217;espai WeTown: novetats, consells i actualitat que transforma la comunicaci\u00f3 ciutadana. Novetats, consells i actualitat ciutadana. Benvingut al<\/p>\n","protected":false},"author":2,"featured_media":0,"parent":0,"menu_order":0,"comment_status":"closed","ping_status":"closed","template":"","meta":{"_monsterinsights_skip_tracking":false,"_monsterinsights_sitenote_active":false,"_monsterinsights_sitenote_note":"","_monsterinsights_sitenote_category":0,"footnotes":""},"class_list":["post-2921","page","type-page","status-publish","hentry"],"yoast_head":"<!-- This site is optimized with the Yoast SEO plugin v27.4 - https:\/\/yoast.com\/product\/yoast-seo-wordpress\/ -->\n<title>Blog de WeTown<\/title>\n<meta name=\"description\" content=\"Explora l\u2019espai WeTown: aqu\u00ed descobrir\u00e0s les \u00faltimes novetats en comunicaci\u00f3 ciutadana, participaci\u00f3 i smart cities!\" \/>\n<meta name=\"robots\" content=\"index, follow, max-snippet:-1, max-image-preview:large, max-video-preview:-1\" \/>\n<link rel=\"canonical\" href=\"https:\/\/wetown.app\/ca\/blog\" \/>\n<meta property=\"og:locale\" content=\"ca_ES\" \/>\n<meta property=\"og:type\" content=\"article\" \/>\n<meta property=\"og:title\" content=\"Blog de WeTown\" \/>\n<meta property=\"og:description\" content=\"Explora l\u2019espai WeTown: aqu\u00ed descobrir\u00e0s les \u00faltimes novetats en comunicaci\u00f3 ciutadana, participaci\u00f3 i smart cities!\" \/>\n<meta property=\"og:url\" content=\"https:\/\/wetown.app\/ca\/blog\" \/>\n<meta property=\"og:site_name\" content=\"WeTown\" \/>\n<meta property=\"article:modified_time\" content=\"2026-04-27T06:57:06+00:00\" \/>\n<meta name=\"twitter:card\" content=\"summary_large_image\" \/>\n<meta name=\"twitter:label1\" content=\"Temps estimat de lectura\" \/>\n\t<meta name=\"twitter:data1\" content=\"2 minuts\" \/>\n<script type=\"application\/ld+json\" class=\"yoast-schema-graph\">{\"@context\":\"https:\\\/\\\/schema.org\",\"@graph\":[{\"@type\":\"WebPage\",\"@id\":\"https:\\\/\\\/wetown.app\\\/ca\\\/blog\",\"url\":\"https:\\\/\\\/wetown.app\\\/ca\\\/blog\",\"name\":\"Blog de WeTown\",\"isPartOf\":{\"@id\":\"https:\\\/\\\/wetown.app\\\/ca\\\/#website\"},\"datePublished\":\"2024-01-08T10:53:49+00:00\",\"dateModified\":\"2026-04-27T06:57:06+00:00\",\"description\":\"Explora l\u2019espai WeTown: aqu\u00ed descobrir\u00e0s les \u00faltimes novetats en comunicaci\u00f3 ciutadana, participaci\u00f3 i smart cities!\",\"breadcrumb\":{\"@id\":\"https:\\\/\\\/wetown.app\\\/ca\\\/blog#breadcrumb\"},\"inLanguage\":\"ca\",\"potentialAction\":[{\"@type\":\"ReadAction\",\"target\":[\"https:\\\/\\\/wetown.app\\\/ca\\\/blog\"]}]},{\"@type\":\"BreadcrumbList\",\"@id\":\"https:\\\/\\\/wetown.app\\\/ca\\\/blog#breadcrumb\",\"itemListElement\":[{\"@type\":\"ListItem\",\"position\":1,\"name\":\"Inici\",\"item\":\"https:\\\/\\\/wetown.app\\\/ca\"},{\"@type\":\"ListItem\",\"position\":2,\"name\":\"Blog\"}]},{\"@type\":\"WebSite\",\"@id\":\"https:\\\/\\\/wetown.app\\\/ca\\\/#website\",\"url\":\"https:\\\/\\\/wetown.app\\\/ca\\\/\",\"name\":\"WeTown\",\"description\":\"El canal de comunicaci\u00f3 municipal\",\"publisher\":{\"@id\":\"https:\\\/\\\/wetown.app\\\/ca\\\/#organization\"},\"alternateName\":\"wetown\",\"potentialAction\":[{\"@type\":\"SearchAction\",\"target\":{\"@type\":\"EntryPoint\",\"urlTemplate\":\"https:\\\/\\\/wetown.app\\\/ca\\\/?s={search_term_string}\"},\"query-input\":{\"@type\":\"PropertyValueSpecification\",\"valueRequired\":true,\"valueName\":\"search_term_string\"}}],\"inLanguage\":\"ca\"},{\"@type\":\"Organization\",\"@id\":\"https:\\\/\\\/wetown.app\\\/ca\\\/#organization\",\"name\":\"WeTown\",\"alternateName\":\"WeTown\",\"url\":\"https:\\\/\\\/wetown.app\\\/ca\\\/\",\"logo\":{\"@type\":\"ImageObject\",\"inLanguage\":\"ca\",\"@id\":\"https:\\\/\\\/wetown.app\\\/ca\\\/#\\\/schema\\\/logo\\\/image\\\/\",\"url\":\"https:\\\/\\\/wetown.app\\\/wp-content\\\/uploads\\\/2025\\\/10\\\/Logotip_WeTown_Horitzontal_Positiu.svg\",\"contentUrl\":\"https:\\\/\\\/wetown.app\\\/wp-content\\\/uploads\\\/2025\\\/10\\\/Logotip_WeTown_Horitzontal_Positiu.svg\",\"width\":622,\"height\":120,\"caption\":\"WeTown\"},\"image\":{\"@id\":\"https:\\\/\\\/wetown.app\\\/ca\\\/#\\\/schema\\\/logo\\\/image\\\/\"}}]}<\/script>\n<!-- \/ Yoast SEO plugin. -->","yoast_head_json":{"title":"Blog de WeTown","description":"Explora l\u2019espai WeTown: aqu\u00ed descobrir\u00e0s les \u00faltimes novetats en comunicaci\u00f3 ciutadana, participaci\u00f3 i smart cities!","robots":{"index":"index","follow":"follow","max-snippet":"max-snippet:-1","max-image-preview":"max-image-preview:large","max-video-preview":"max-video-preview:-1"},"canonical":"https:\/\/wetown.app\/ca\/blog","og_locale":"ca_ES","og_type":"article","og_title":"Blog de WeTown","og_description":"Explora l\u2019espai WeTown: aqu\u00ed descobrir\u00e0s les \u00faltimes novetats en comunicaci\u00f3 ciutadana, participaci\u00f3 i smart cities!","og_url":"https:\/\/wetown.app\/ca\/blog","og_site_name":"WeTown","article_modified_time":"2026-04-27T06:57:06+00:00","twitter_card":"summary_large_image","twitter_misc":{"Temps estimat de lectura":"2 minuts"},"schema":{"@context":"https:\/\/schema.org","@graph":[{"@type":"WebPage","@id":"https:\/\/wetown.app\/ca\/blog","url":"https:\/\/wetown.app\/ca\/blog","name":"Blog de WeTown","isPartOf":{"@id":"https:\/\/wetown.app\/ca\/#website"},"datePublished":"2024-01-08T10:53:49+00:00","dateModified":"2026-04-27T06:57:06+00:00","description":"Explora l\u2019espai WeTown: aqu\u00ed descobrir\u00e0s les \u00faltimes novetats en comunicaci\u00f3 ciutadana, participaci\u00f3 i smart cities!","breadcrumb":{"@id":"https:\/\/wetown.app\/ca\/blog#breadcrumb"},"inLanguage":"ca","potentialAction":[{"@type":"ReadAction","target":["https:\/\/wetown.app\/ca\/blog"]}]},{"@type":"BreadcrumbList","@id":"https:\/\/wetown.app\/ca\/blog#breadcrumb","itemListElement":[{"@type":"ListItem","position":1,"name":"Inici","item":"https:\/\/wetown.app\/ca"},{"@type":"ListItem","position":2,"name":"Blog"}]},{"@type":"WebSite","@id":"https:\/\/wetown.app\/ca\/#website","url":"https:\/\/wetown.app\/ca\/","name":"WeTown","description":"El canal de comunicaci\u00f3 municipal","publisher":{"@id":"https:\/\/wetown.app\/ca\/#organization"},"alternateName":"wetown","potentialAction":[{"@type":"SearchAction","target":{"@type":"EntryPoint","urlTemplate":"https:\/\/wetown.app\/ca\/?s={search_term_string}"},"query-input":{"@type":"PropertyValueSpecification","valueRequired":true,"valueName":"search_term_string"}}],"inLanguage":"ca"},{"@type":"Organization","@id":"https:\/\/wetown.app\/ca\/#organization","name":"WeTown","alternateName":"WeTown","url":"https:\/\/wetown.app\/ca\/","logo":{"@type":"ImageObject","inLanguage":"ca","@id":"https:\/\/wetown.app\/ca\/#\/schema\/logo\/image\/","url":"https:\/\/wetown.app\/wp-content\/uploads\/2025\/10\/Logotip_WeTown_Horitzontal_Positiu.svg","contentUrl":"https:\/\/wetown.app\/wp-content\/uploads\/2025\/10\/Logotip_WeTown_Horitzontal_Positiu.svg","width":622,"height":120,"caption":"WeTown"},"image":{"@id":"https:\/\/wetown.app\/ca\/#\/schema\/logo\/image\/"}}]}},"_links":{"self":[{"href":"https:\/\/wetown.app\/ca\/wp-json\/wp\/v2\/pages\/2921","targetHints":{"allow":["GET"]}}],"collection":[{"href":"https:\/\/wetown.app\/ca\/wp-json\/wp\/v2\/pages"}],"about":[{"href":"https:\/\/wetown.app\/ca\/wp-json\/wp\/v2\/types\/page"}],"author":[{"embeddable":true,"href":"https:\/\/wetown.app\/ca\/wp-json\/wp\/v2\/users\/2"}],"replies":[{"embeddable":true,"href":"https:\/\/wetown.app\/ca\/wp-json\/wp\/v2\/comments?post=2921"}],"version-history":[{"count":4,"href":"https:\/\/wetown.app\/ca\/wp-json\/wp\/v2\/pages\/2921\/revisions"}],"predecessor-version":[{"id":9081,"href":"https:\/\/wetown.app\/ca\/wp-json\/wp\/v2\/pages\/2921\/revisions\/9081"}],"wp:attachment":[{"href":"https:\/\/wetown.app\/ca\/wp-json\/wp\/v2\/media?parent=2921"}],"curies":[{"name":"wp","href":"https:\/\/api.w.org\/{rel}","templated":true}]}}