{"id":1375,"date":"2023-10-16T12:52:02","date_gmt":"2023-10-16T10:52:02","guid":{"rendered":"http:\/\/wetown-test.codigitalab.com\/?page_id=1375"},"modified":"2026-03-12T10:48:53","modified_gmt":"2026-03-12T09:48:53","slug":"politica-de-cookies","status":"publish","type":"page","link":"https:\/\/wetown.app\/ca\/politica-de-cookies","title":{"rendered":"Pol\u00edtica de cookies"},"content":{"rendered":"\t\t<div data-elementor-type=\"wp-page\" data-elementor-id=\"1375\" class=\"elementor elementor-1375\" data-elementor-post-type=\"page\">\n\t\t\t\t<div class=\"elementor-element elementor-element-85eb87b e-flex e-con-boxed e-con e-parent\" data-id=\"85eb87b\" data-element_type=\"container\" data-e-type=\"container\">\n\t\t\t\t\t<div class=\"e-con-inner\">\n\t\t\t\t<div class=\"elementor-element elementor-element-ccad44b elementor-widget-tablet__width-initial elementor-widget__width-initial elementor-widget elementor-widget-heading\" data-id=\"ccad44b\" data-element_type=\"widget\" data-e-type=\"widget\" data-widget_type=\"heading.default\">\n\t\t\t\t<div class=\"elementor-widget-container\">\n\t\t\t\t\t<h1 class=\"elementor-heading-title elementor-size-default\">Pol\u00edtica de\n <span class=\"text-grad\">cookies<\/span><\/h1>\t\t\t\t<\/div>\n\t\t\t\t<\/div>\n\t\t\t\t\t<\/div>\n\t\t\t\t<\/div>\n\t\t\t\t<section class=\"elementor-section elementor-top-section elementor-element elementor-element-e4ea594 elementor-section-boxed elementor-section-height-default elementor-section-height-default\" data-id=\"e4ea594\" data-element_type=\"section\" data-e-type=\"section\">\n\t\t\t\t\t\t<div class=\"elementor-container elementor-column-gap-default\">\n\t\t\t\t\t<div class=\"elementor-column elementor-col-100 elementor-top-column elementor-element elementor-element-d487cd4\" data-id=\"d487cd4\" data-element_type=\"column\" data-e-type=\"column\">\n\t\t\t<div class=\"elementor-widget-wrap elementor-element-populated\">\n\t\t\t\t\t\t<div class=\"elementor-element elementor-element-3bf2701 elementor-widget elementor-widget-text-editor\" data-id=\"3bf2701\" data-element_type=\"widget\" data-e-type=\"widget\" data-widget_type=\"text-editor.default\">\n\t\t\t\t<div class=\"elementor-widget-container\">\n\t\t\t\t\t\t\t\t\t<p>Les cookies s\u00f3n breus informacions que s\u2019envien i s\u2019emmagatzemen en el disc dur de l\u2019ordinador de l\u2019usuari a trav\u00e9s del seu navegador quan aquest es connecta a un web. Les galetes es poden utilitzar per demanar i emmagatzemar dades de l\u2019usuari mentre est\u00e0 connectat per facilitar-li els serveis sol\u00b7licitats i que no es solen conservar (Galetes de sessi\u00f3), o per conservar les dades de l\u2019usuari per a un altre tipus de serveis futurs i que es poden conservar per temps indefinit (galetes persistents). Les galetes poden ser pr\u00f2pies o de tercers.<\/p><p>Hi ha diversos tipus de cookies:<\/p><ul><li>Galetes t\u00e8cniques que faciliten la navegaci\u00f3 de l\u2019usuari i la utilitzaci\u00f3 de les diferents opcions o serveis que ofereix la web com identificar la sessi\u00f3, permetre l\u2019acc\u00e9s a determinades \u00e0rees, facilitar comandes, compres, emplenament de formularis, inscripcions, seguretat, facilitar funcionalitats (v\u00eddeos , xarxes socials \u2026).<\/li><li>Galetes de personalitzaci\u00f3 que permeten a l\u2019usuari accedir als serveis segons les seves prefer\u00e8ncies (idioma, navegador, configuraci\u00f3 \u2026).<\/li><li>Galetes d\u2019an\u00e0lisi que permeten l\u2019an\u00e0lisi an\u00f2nim del comportament dels usuaris del web i que permeten mesurar l\u2019activitat de l\u2019usuari i elaborar perfils de navegaci\u00f3 per tal objectiu de millorar els llocs web.<\/li><li>Galetes publicit\u00e0ries que permeten la gesti\u00f3 dels espais publicitaris del web.<\/li><li>Galetes de publicitat personalitzada que permeten la gesti\u00f3 dels espais publicitaris del web sobre la base del comportament i h\u00e0bits de navegaci\u00f3 d\u2019usuari, d\u2019on s\u2019obt\u00e9 el seu perfil i permeten personalitzar la publicitat que es mostra en el navegador de l\u2019usuari.<\/li><\/ul><p>WeTown utilitza cookies t\u00e8cniques, de personalitzaci\u00f3 i d\u2019an\u00e0lisi, pr\u00f2pies i de tercers, que en cap cas tracten dades de car\u00e0cter personal, per\u00f2 capten h\u00e0bits de navegaci\u00f3 per a fins estad\u00edstics.<\/p><p>Per aix\u00f2, en accedir a la nostra web, en compliment de l\u2019article 22 de la Llei de Serveis de la Societat de la Informaci\u00f3 li hem sol\u00b7licitat el seu consentiment per al seu \u00fas.<\/p><p>De tota manera, l\u2019informem que pot activar o desactivar i aquestes cookies seguint les instruccions del seu navegador d\u2019Internet:<\/p><ul><li>Chrome: Configuraci\u00f3 -&gt; Mostra opcions avan\u00e7ades -&gt; Privadesa -&gt; Configuraci\u00f3 de contingut.<\/li><li>Firefox: Eines -&gt; Opcions -&gt; Privadesa -&gt; Hist\u00f2ric -&gt; Configuraci\u00f3 Personalitzada.<\/li><li>Internet Explorer: Eines -&gt; Opcions d\u2019Internet -&gt; Privacitat -&gt; Configuraci\u00f3.<\/li><li>Safari: Prefer\u00e8ncies -&gt; Seguretat.<br \/>Opera: Eines -&gt; Prefer\u00e8ncies -&gt; Edita prefer\u00e8ncies&gt; Galetes<\/li><li>Edge: Configuraci\u00f3 -&gt; Veure configuraci\u00f3 avan\u00e7ada -&gt; Privadesa i serveis -&gt; Galetes<\/li><\/ul><p>Per a m\u00e9s informaci\u00f3, podeu consultar a l\u2019Ajuda del seu navegador o en les p\u00e0gines de suport dels mateixos:<\/p><ul><li><a href=\"https:\/\/support.google.com\/\">Chrome<\/a><\/li><li><a href=\"https:\/\/support.mozilla.org\/es\/\">FireFox<\/a><\/li><li><a href=\"https:\/\/windows.microsoft.com\/\">Internet Explorer<\/a><\/li><li><a href=\"https:\/\/www.apple.com\/\">Safari<\/a><\/li><li><a href=\"https:\/\/www.opera.com\/help\/tutorials\/security\/cookies\/\">Opera<\/a><\/li><li><a href=\"https:\/\/privacy.microsoft.com\/es-es\/windows-10-microsoft-edge-and-privacy\">Edge<\/a><\/li><\/ul>\t\t\t\t\t\t\t\t<\/div>\n\t\t\t\t<\/div>\n\t\t\t\t\t<\/div>\n\t\t<\/div>\n\t\t\t\t\t<\/div>\n\t\t<\/section>\n\t\t\t\t<\/div>\n\t\t","protected":false},"excerpt":{"rendered":"<p>Pol\u00edtica de cookies Les cookies s\u00f3n breus informacions que s\u2019envien i s\u2019emmagatzemen en el disc dur de l\u2019ordinador de l\u2019usuari a trav\u00e9s del seu navegador quan aquest es connecta a un web. Les galetes es poden utilitzar per demanar i emmagatzemar dades de l\u2019usuari mentre est\u00e0 connectat per facilitar-li els serveis sol\u00b7licitats i que no [&hellip;]<\/p>\n","protected":false},"author":1,"featured_media":0,"parent":0,"menu_order":0,"comment_status":"closed","ping_status":"closed","template":"","meta":{"_monsterinsights_skip_tracking":false,"_monsterinsights_sitenote_active":false,"_monsterinsights_sitenote_note":"","_monsterinsights_sitenote_category":0,"footnotes":""},"class_list":["post-1375","page","type-page","status-publish","hentry"],"yoast_head":"<!-- This site is optimized with the Yoast SEO plugin v27.4 - https:\/\/yoast.com\/product\/yoast-seo-wordpress\/ -->\n<title>Pol\u00edtica de cookies | WeTown<\/title>\n<meta name=\"robots\" content=\"noindex, follow\" \/>\n<meta property=\"og:locale\" content=\"ca_ES\" \/>\n<meta property=\"og:type\" content=\"article\" \/>\n<meta property=\"og:title\" content=\"Pol\u00edtica de cookies | WeTown\" \/>\n<meta property=\"og:description\" content=\"Pol\u00edtica de cookies Les cookies s\u00f3n breus informacions que s\u2019envien i s\u2019emmagatzemen en el disc dur de l\u2019ordinador de l\u2019usuari a trav\u00e9s del seu navegador quan aquest es connecta a un web. Les galetes es poden utilitzar per demanar i emmagatzemar dades de l\u2019usuari mentre est\u00e0 connectat per facilitar-li els serveis sol\u00b7licitats i que no [&hellip;]\" \/>\n<meta property=\"og:url\" content=\"https:\/\/wetown.app\/ca\/politica-de-cookies\" \/>\n<meta property=\"og:site_name\" content=\"WeTown\" \/>\n<meta property=\"article:modified_time\" content=\"2026-03-12T09:48:53+00:00\" \/>\n<meta name=\"twitter:card\" content=\"summary_large_image\" \/>\n<meta name=\"twitter:label1\" content=\"Temps estimat de lectura\" \/>\n\t<meta name=\"twitter:data1\" content=\"3 minuts\" \/>\n<script type=\"application\/ld+json\" class=\"yoast-schema-graph\">{\"@context\":\"https:\\\/\\\/schema.org\",\"@graph\":[{\"@type\":\"WebPage\",\"@id\":\"https:\\\/\\\/wetown.app\\\/ca\\\/politica-de-cookies\",\"url\":\"https:\\\/\\\/wetown.app\\\/ca\\\/politica-de-cookies\",\"name\":\"Pol\u00edtica de cookies | WeTown\",\"isPartOf\":{\"@id\":\"https:\\\/\\\/wetown.app\\\/ca\\\/#website\"},\"datePublished\":\"2023-10-16T10:52:02+00:00\",\"dateModified\":\"2026-03-12T09:48:53+00:00\",\"breadcrumb\":{\"@id\":\"https:\\\/\\\/wetown.app\\\/ca\\\/politica-de-cookies#breadcrumb\"},\"inLanguage\":\"ca\",\"potentialAction\":[{\"@type\":\"ReadAction\",\"target\":[\"https:\\\/\\\/wetown.app\\\/ca\\\/politica-de-cookies\"]}]},{\"@type\":\"BreadcrumbList\",\"@id\":\"https:\\\/\\\/wetown.app\\\/ca\\\/politica-de-cookies#breadcrumb\",\"itemListElement\":[{\"@type\":\"ListItem\",\"position\":1,\"name\":\"Inici\",\"item\":\"https:\\\/\\\/wetown.app\\\/ca\"},{\"@type\":\"ListItem\",\"position\":2,\"name\":\"Pol\u00edtica de cookies\"}]},{\"@type\":\"WebSite\",\"@id\":\"https:\\\/\\\/wetown.app\\\/ca\\\/#website\",\"url\":\"https:\\\/\\\/wetown.app\\\/ca\\\/\",\"name\":\"WeTown\",\"description\":\"El canal de comunicaci\u00f3 municipal\",\"publisher\":{\"@id\":\"https:\\\/\\\/wetown.app\\\/ca\\\/#organization\"},\"alternateName\":\"wetown\",\"potentialAction\":[{\"@type\":\"SearchAction\",\"target\":{\"@type\":\"EntryPoint\",\"urlTemplate\":\"https:\\\/\\\/wetown.app\\\/ca\\\/?s={search_term_string}\"},\"query-input\":{\"@type\":\"PropertyValueSpecification\",\"valueRequired\":true,\"valueName\":\"search_term_string\"}}],\"inLanguage\":\"ca\"},{\"@type\":\"Organization\",\"@id\":\"https:\\\/\\\/wetown.app\\\/ca\\\/#organization\",\"name\":\"WeTown\",\"alternateName\":\"WeTown\",\"url\":\"https:\\\/\\\/wetown.app\\\/ca\\\/\",\"logo\":{\"@type\":\"ImageObject\",\"inLanguage\":\"ca\",\"@id\":\"https:\\\/\\\/wetown.app\\\/ca\\\/#\\\/schema\\\/logo\\\/image\\\/\",\"url\":\"https:\\\/\\\/wetown.app\\\/wp-content\\\/uploads\\\/2025\\\/10\\\/Logotip_WeTown_Horitzontal_Positiu.svg\",\"contentUrl\":\"https:\\\/\\\/wetown.app\\\/wp-content\\\/uploads\\\/2025\\\/10\\\/Logotip_WeTown_Horitzontal_Positiu.svg\",\"width\":622,\"height\":120,\"caption\":\"WeTown\"},\"image\":{\"@id\":\"https:\\\/\\\/wetown.app\\\/ca\\\/#\\\/schema\\\/logo\\\/image\\\/\"}}]}<\/script>\n<!-- \/ Yoast SEO plugin. -->","yoast_head_json":{"title":"Pol\u00edtica de cookies | WeTown","robots":{"index":"noindex","follow":"follow"},"og_locale":"ca_ES","og_type":"article","og_title":"Pol\u00edtica de cookies | WeTown","og_description":"Pol\u00edtica de cookies Les cookies s\u00f3n breus informacions que s\u2019envien i s\u2019emmagatzemen en el disc dur de l\u2019ordinador de l\u2019usuari a trav\u00e9s del seu navegador quan aquest es connecta a un web. Les galetes es poden utilitzar per demanar i emmagatzemar dades de l\u2019usuari mentre est\u00e0 connectat per facilitar-li els serveis sol\u00b7licitats i que no [&hellip;]","og_url":"https:\/\/wetown.app\/ca\/politica-de-cookies","og_site_name":"WeTown","article_modified_time":"2026-03-12T09:48:53+00:00","twitter_card":"summary_large_image","twitter_misc":{"Temps estimat de lectura":"3 minuts"},"schema":{"@context":"https:\/\/schema.org","@graph":[{"@type":"WebPage","@id":"https:\/\/wetown.app\/ca\/politica-de-cookies","url":"https:\/\/wetown.app\/ca\/politica-de-cookies","name":"Pol\u00edtica de cookies | WeTown","isPartOf":{"@id":"https:\/\/wetown.app\/ca\/#website"},"datePublished":"2023-10-16T10:52:02+00:00","dateModified":"2026-03-12T09:48:53+00:00","breadcrumb":{"@id":"https:\/\/wetown.app\/ca\/politica-de-cookies#breadcrumb"},"inLanguage":"ca","potentialAction":[{"@type":"ReadAction","target":["https:\/\/wetown.app\/ca\/politica-de-cookies"]}]},{"@type":"BreadcrumbList","@id":"https:\/\/wetown.app\/ca\/politica-de-cookies#breadcrumb","itemListElement":[{"@type":"ListItem","position":1,"name":"Inici","item":"https:\/\/wetown.app\/ca"},{"@type":"ListItem","position":2,"name":"Pol\u00edtica de cookies"}]},{"@type":"WebSite","@id":"https:\/\/wetown.app\/ca\/#website","url":"https:\/\/wetown.app\/ca\/","name":"WeTown","description":"El canal de comunicaci\u00f3 municipal","publisher":{"@id":"https:\/\/wetown.app\/ca\/#organization"},"alternateName":"wetown","potentialAction":[{"@type":"SearchAction","target":{"@type":"EntryPoint","urlTemplate":"https:\/\/wetown.app\/ca\/?s={search_term_string}"},"query-input":{"@type":"PropertyValueSpecification","valueRequired":true,"valueName":"search_term_string"}}],"inLanguage":"ca"},{"@type":"Organization","@id":"https:\/\/wetown.app\/ca\/#organization","name":"WeTown","alternateName":"WeTown","url":"https:\/\/wetown.app\/ca\/","logo":{"@type":"ImageObject","inLanguage":"ca","@id":"https:\/\/wetown.app\/ca\/#\/schema\/logo\/image\/","url":"https:\/\/wetown.app\/wp-content\/uploads\/2025\/10\/Logotip_WeTown_Horitzontal_Positiu.svg","contentUrl":"https:\/\/wetown.app\/wp-content\/uploads\/2025\/10\/Logotip_WeTown_Horitzontal_Positiu.svg","width":622,"height":120,"caption":"WeTown"},"image":{"@id":"https:\/\/wetown.app\/ca\/#\/schema\/logo\/image\/"}}]}},"_links":{"self":[{"href":"https:\/\/wetown.app\/ca\/wp-json\/wp\/v2\/pages\/1375","targetHints":{"allow":["GET"]}}],"collection":[{"href":"https:\/\/wetown.app\/ca\/wp-json\/wp\/v2\/pages"}],"about":[{"href":"https:\/\/wetown.app\/ca\/wp-json\/wp\/v2\/types\/page"}],"author":[{"embeddable":true,"href":"https:\/\/wetown.app\/ca\/wp-json\/wp\/v2\/users\/1"}],"replies":[{"embeddable":true,"href":"https:\/\/wetown.app\/ca\/wp-json\/wp\/v2\/comments?post=1375"}],"version-history":[{"count":12,"href":"https:\/\/wetown.app\/ca\/wp-json\/wp\/v2\/pages\/1375\/revisions"}],"predecessor-version":[{"id":9028,"href":"https:\/\/wetown.app\/ca\/wp-json\/wp\/v2\/pages\/1375\/revisions\/9028"}],"wp:attachment":[{"href":"https:\/\/wetown.app\/ca\/wp-json\/wp\/v2\/media?parent=1375"}],"curies":[{"name":"wp","href":"https:\/\/api.w.org\/{rel}","templated":true}]}}